{"id":450,"date":"2018-11-20T13:27:59","date_gmt":"2018-11-20T13:27:59","guid":{"rendered":"https:\/\/seofy.wgl-demo.net\/?page_id=450"},"modified":"2022-12-07T22:06:21","modified_gmt":"2022-12-07T20:06:21","slug":"contact-us","status":"publish","type":"page","link":"https:\/\/versify.digital\/index.php\/contact-us\/","title":{"rendered":"Susisiekite"},"content":{"rendered":"<section class=\"wpb-content-wrapper\">[vc_row][vc_column width=&#8221;1\/2&#8243;][wgl_double_headings title_color=&#8221;#252525&#8243; subtitle_color=&#8221;#ff7d00&#8243; title=&#8221;Susisiekite&#8221;][wgl_spacing spacer_size=&#8221;20px&#8221;][wgl_custom_text font_size=&#8221;18&#8243;]<span>versify.digital tai inovatyvi el. prekybos sistema, kuri pad\u0117s Jums padidinti savo el. pardavimus ar prad\u0117ti prekiauti per 24 valandas!\u00a0<\/span>[\/wgl_custom_text][wgl_spacing spacer_size=&#8221;26&#8243;][wgl_spacing spacer_size=&#8221;21&#8243;][wgl_info_box ib_layout=&#8221;left&#8221; icon_type=&#8221;font&#8221; icon_font_type=&#8221;type_flaticon&#8221; icon_flaticon=&#8221;flaticon-mail&#8221; icon_shadow_style=&#8221;always&#8221; icon_color_type=&#8221;gradient&#8221; icon_color_gradient_start=&#8221;#5ad0ff&#8221; icon_color_gradient_end=&#8221;#3224e9&#8243; icon_bg_color_hover=&#8221;#ffffff&#8221; title_size=&#8221;18&#8243; title_weight=&#8221;700&#8243; title_bot_offset=&#8221;0&#8243; content_size=&#8221;18&#8243; icon_color=&#8221;#ffffff&#8221; ib_title=&#8221;Para\u0161ykite:&#8221; ib_content=&#8221;hello@versify.digital&#8221; custom_icon_size=&#8221;25&#8243; custom_icon_bg_color=&#8221;true&#8221; custom_icon_color=&#8221;true&#8221; custom_icon_bg_width=&#8221;50&#8243; custom_icon_bg_height=&#8221;50&#8243; custom_icon_side_offset=&#8221;25&#8243; add_icon_shadow=&#8221;true&#8221;][wgl_spacing spacer_size=&#8221;21&#8243;][wgl_info_box ib_layout=&#8221;left&#8221; icon_type=&#8221;font&#8221; icon_font_type=&#8221;type_flaticon&#8221; icon_flaticon=&#8221;flaticon-phone&#8221; icon_shadow_style=&#8221;always&#8221; icon_color_type=&#8221;gradient&#8221; icon_color_gradient_start=&#8221;#8cffed&#8221; icon_color_gradient_end=&#8221;#009cff&#8221; icon_bg_color_hover=&#8221;#ffffff&#8221; title_size=&#8221;18&#8243; title_weight=&#8221;700&#8243; title_bot_offset=&#8221;0&#8243; content_size=&#8221;18&#8243; icon_color=&#8221;#ffffff&#8221; ib_title=&#8221;Paskambinkite:&#8221; ib_content=&#8221;+370 653 63568&#8243; custom_icon_size=&#8221;25&#8243; custom_icon_bg_color=&#8221;true&#8221; custom_icon_color=&#8221;true&#8221; custom_icon_bg_width=&#8221;50&#8243; custom_icon_bg_height=&#8221;50&#8243; custom_icon_side_offset=&#8221;25&#8243; add_icon_shadow=&#8221;true&#8221;][wgl_spacing spacer_size=&#8221;21&#8243;][\/vc_column][vc_column width=&#8221;1\/2&#8243; css=&#8221;.vc_custom_1542726949648{margin-top: 11px !important;}&#8221;][vc_column_text el_class=&#8221;box-shadow&#8221; css=&#8221;.vc_custom_1670443231221{padding-top: 30px !important;padding-right: 38px !important;padding-bottom: 5px !important;padding-left: 38px !important;border-radius: 5px !important;}&#8221;]\n<h4 style=\"margin-bottom: 30px;\"><span style=\"font-weight: bold;\" class=\"custom-weight\">Palikite mums \u017einut\u0119<\/span><\/h4>\n<div role=\"form\" class=\"wpcf7\" id=\"wpcf7-f466-o1\" lang=\"en-US\" dir=\"ltr\">\n<div class=\"screen-reader-response\"><p role=\"status\" aria-live=\"polite\" aria-atomic=\"true\"><\/p> <ul><\/ul><\/div>\n<form action=\"\/index.php\/wp-json\/wp\/v2\/pages\/450#wpcf7-f466-o1\" method=\"post\" class=\"wpcf7-form init\" novalidate=\"novalidate\" data-status=\"init\">\n<div style=\"display: none;\">\n<input type=\"hidden\" name=\"_wpcf7\" value=\"466\" \/>\n<input type=\"hidden\" name=\"_wpcf7_version\" value=\"5.6.4\" \/>\n<input type=\"hidden\" name=\"_wpcf7_locale\" value=\"en_US\" \/>\n<input type=\"hidden\" name=\"_wpcf7_unit_tag\" value=\"wpcf7-f466-o1\" \/>\n<input type=\"hidden\" name=\"_wpcf7_container_post\" value=\"0\" \/>\n<input type=\"hidden\" name=\"_wpcf7_posted_data_hash\" value=\"\" \/>\n<\/div>\n<div class='row'>\n<div class='wgl_col-12'><span class=\"wpcf7-form-control-wrap\" data-name=\"text-759\"><input type=\"text\" name=\"text-759\" value=\"\" size=\"40\" class=\"wpcf7-form-control wpcf7-text\" aria-invalid=\"false\" placeholder=\"Vardas *\" \/><\/span><\/div>\n<div class='wgl_col-12'><span class=\"wpcf7-form-control-wrap\" data-name=\"email-613\"><input type=\"email\" name=\"email-613\" value=\"\" size=\"40\" class=\"wpcf7-form-control wpcf7-text wpcf7-email wpcf7-validates-as-email\" aria-invalid=\"false\" placeholder=\"El. pa\u0161tas *\" \/><\/span><\/div>\n<div class='wgl_col-12'><span class=\"wpcf7-form-control-wrap\" data-name=\"textarea-378\"><textarea name=\"textarea-378\" cols=\"40\" rows=\"10\" class=\"wpcf7-form-control wpcf7-textarea\" aria-invalid=\"false\" placeholder=\"\u017dinut\u0117...\"><\/textarea><\/span><\/div>\n<\/div>\n<p><input type=\"submit\" value=\"SI\u0172STI \u017dINUT\u0118\" class=\"wpcf7-form-control has-spinner wpcf7-submit\" \/><\/p>\n<div class=\"wpcf7-response-output\" aria-hidden=\"true\"><\/div><\/form><\/div>[\/vc_column_text][\/vc_column][\/vc_row][vc_row][vc_column][wgl_spacing spacer_size=&#8221;40px&#8221;][wgl_spacing spacer_size=&#8221;63&#8243;][\/vc_column][\/vc_row]\n<\/section>","protected":false},"excerpt":{"rendered":"<p>[vc_row][vc_column width=&#8221;1\/2&#8243;][wgl_double_headings title_color=&#8221;#252525&#8243; subtitle_color=&#8221;#ff7d00&#8243; title=&#8221;Susisiekite&#8221;][wgl_spacing spacer_size=&#8221;20px&#8221;][wgl_custom_text font_size=&#8221;18&#8243;]versify.digital tai inovatyvi el. prekybos sistema, kuri pad\u0117s Jums padidinti savo el. pardavimus ar prad\u0117ti prekiauti per 24 valandas!\u00a0[\/wgl_custom_text][wgl_spacing spacer_size=&#8221;26&#8243;][wgl_spacing spacer_size=&#8221;21&#8243;][wgl_info_box ib_layout=&#8221;left&#8221; icon_type=&#8221;font&#8221; icon_font_type=&#8221;type_flaticon&#8221; icon_flaticon=&#8221;flaticon-mail&#8221; icon_shadow_style=&#8221;always&#8221; icon_color_type=&#8221;gradient&#8221; icon_color_gradient_start=&#8221;#5ad0ff&#8221; icon_color_gradient_end=&#8221;#3224e9&#8243; icon_bg_color_hover=&#8221;#ffffff&#8221; title_size=&#8221;18&#8243; title_weight=&#8221;700&#8243; title_bot_offset=&#8221;0&#8243; content_size=&#8221;18&#8243; icon_color=&#8221;#ffffff&#8221; ib_title=&#8221;Para\u0161ykite:&#8221; ib_content=&#8221;hello@versify.digital&#8221; custom_icon_size=&#8221;25&#8243; custom_icon_bg_color=&#8221;true&#8221; custom_icon_color=&#8221;true&#8221; custom_icon_bg_width=&#8221;50&#8243; custom_icon_bg_height=&#8221;50&#8243; custom_icon_side_offset=&#8221;25&#8243; add_icon_shadow=&#8221;true&#8221;][wgl_spacing spacer_size=&#8221;21&#8243;][wgl_info_box ib_layout=&#8221;left&#8221; icon_type=&#8221;font&#8221; icon_font_type=&#8221;type_flaticon&#8221; icon_flaticon=&#8221;flaticon-phone&#8221; [&hellip;]<\/p>\n","protected":false},"author":1,"featured_media":0,"parent":0,"menu_order":0,"comment_status":"closed","ping_status":"closed","template":"","meta":{"om_disable_all_campaigns":false,"_monsterinsights_skip_tracking":false,"_monsterinsights_sitenote_active":false,"_monsterinsights_sitenote_note":"","_monsterinsights_sitenote_category":0,"footnotes":""},"class_list":["post-450","page","type-page","status-publish","hentry"],"_links":{"self":[{"href":"https:\/\/versify.digital\/index.php\/wp-json\/wp\/v2\/pages\/450","targetHints":{"allow":["GET"]}}],"collection":[{"href":"https:\/\/versify.digital\/index.php\/wp-json\/wp\/v2\/pages"}],"about":[{"href":"https:\/\/versify.digital\/index.php\/wp-json\/wp\/v2\/types\/page"}],"author":[{"embeddable":true,"href":"https:\/\/versify.digital\/index.php\/wp-json\/wp\/v2\/users\/1"}],"replies":[{"embeddable":true,"href":"https:\/\/versify.digital\/index.php\/wp-json\/wp\/v2\/comments?post=450"}],"version-history":[{"count":3,"href":"https:\/\/versify.digital\/index.php\/wp-json\/wp\/v2\/pages\/450\/revisions"}],"predecessor-version":[{"id":2112,"href":"https:\/\/versify.digital\/index.php\/wp-json\/wp\/v2\/pages\/450\/revisions\/2112"}],"wp:attachment":[{"href":"https:\/\/versify.digital\/index.php\/wp-json\/wp\/v2\/media?parent=450"}],"curies":[{"name":"wp","href":"https:\/\/api.w.org\/{rel}","templated":true}]}}