{"id":892,"date":"2018-11-23T13:03:00","date_gmt":"2018-11-23T13:03:00","guid":{"rendered":"https:\/\/seofy.wgl-demo.net\/?page_id=892"},"modified":"2022-12-08T20:57:15","modified_gmt":"2022-12-08T18:57:15","slug":"funkcijos","status":"publish","type":"page","link":"https:\/\/versify.digital\/index.php\/funkcijos\/","title":{"rendered":"Funkcijos"},"content":{"rendered":"<section class=\"wpb-content-wrapper\">[vc_row][vc_column][wgl_spacing spacer_size=&#8221;13&#8243;][\/vc_column][\/vc_row][vc_row content_placement=&#8221;middle&#8221; z_index=&#8221;3&#8243;][vc_column width=&#8221;1\/2&#8243;][wgl_image_layers interval=&#8221;500&#8243; values=&#8221;%5B%7B%22thumbnail%22%3A%22897%22%2C%22image_animation%22%3A%22slide_left%22%2C%22image_order%22%3A%221%22%7D%2C%7B%22thumbnail%22%3A%22898%22%2C%22image_animation%22%3A%22slide_right%22%2C%22image_order%22%3A%223%22%7D%2C%7B%22thumbnail%22%3A%22899%22%2C%22image_animation%22%3A%22fade_in%22%2C%22image_order%22%3A%222%22%7D%2C%7B%22thumbnail%22%3A%22900%22%2C%22image_animation%22%3A%22fade_in%22%2C%22image_order%22%3A%224%22%7D%5D&#8221;][wgl_spacing spacer_size=&#8221;0&#8243; screen_tablet=&#8221;768&#8243; responsive_tablet=&#8221;true&#8221; size_tablet=&#8221;55&#8243;][\/vc_column][vc_column width=&#8221;1\/2&#8243; offset=&#8221;vc_col-lg-offset-1 vc_col-lg-5&#8243;][wgl_double_headings title_color=&#8221;#252525&#8243; subtitle_color=&#8221;#ff7d00&#8243; title=&#8221;Kokios funkcijos<br \/>\nir privalumai?&#8221; responsive_font=&#8221;true&#8221; font_size_mobile=&#8221;33&#8243;][wgl_spacing spacer_size=&#8221;19&#8243;][wgl_custom_text font_size=&#8221;18&#8243;]versify.digital leid\u017eia Jums tur\u0117ti profesionali\u0105 el. parduotuv\u0119 per 24 valandas! Pamir\u0161kite varginan\u010dias tiek\u0117j\u0173, dizaineri\u0173 ir programuotoj\u0173 paie\u0161kas. Visa ko Jums gali reik\u0117ti (ir dar daugiau) vienoje vietoje.[\/wgl_custom_text][wgl_spacing spacer_size=&#8221;30&#8243;][vc_tta_tabs active_section=&#8221;2&#8243;][vc_tta_section title=&#8221;Nauda&#8221; tab_id=&#8221;023-a259433c-8b57&#8243;][vc_column_text]\n<ul class=\"seofy_plus\">\n<li style=\"padding-bottom: 5px;\">Greitai ir be dideli\u0173 pradini\u0173 i\u0161laid\u0173 sukurta profesionali el. parduotuv\u0117<\/li>\n<li style=\"padding-bottom: 5px;\">Paruo\u0161ta naudoti sistema &#8211; susigalvokite pavadinim\u0105, \u012fkelkite logotip\u0105, produktus ir J\u016bs jau galite prekiauti<\/li>\n<li style=\"padding-bottom: 5px;\">Atnaujinimai ir garantuotas nepertraukiamas veikimas<\/li>\n<\/ul>\n[\/vc_column_text][\/vc_tta_section][vc_tta_section title=&#8221;Funkcijos&#8221; tab_id=&#8221;051-45ae-fc01&#8243;][vc_column_text]\n<ul class=\"seofy_plus\">\n<li>Valdykite u\u017esakymus ir koreguokite liku\u010dius tiesiai savo telefone<\/li>\n<li>Prekiaukite visame pasaulyje, be apribojim\u0173<\/li>\n<li>Keiskite savo el. parduotuv\u0117s i\u0161vaizd\u0105 ir dizain\u0105 paprastai ir be joki\u0173 papildom\u0173 programavimo \u017eini\u0173!<\/li>\n<\/ul>\n[\/vc_column_text][\/vc_tta_section][\/vc_tta_tabs][\/vc_column][\/vc_row][vc_row][vc_column][wgl_spacing spacer_size=&#8221;30&#8243;][\/vc_column][\/vc_row][vc_row content_placement=&#8221;middle&#8221; add_extended=&#8221;true&#8221; values=&#8221;%5B%7B%22extended_animation%22%3A%22parallax%22%2C%22figure_color%22%3A%22%23ffffff%22%2C%22drop_colors%22%3A%22one_color%22%2C%22part_color%22%3A%22%23ff7e00%22%2C%22part_color_1%22%3A%22%23ff7e00%22%2C%22part_color_2%22%3A%22%233224e9%22%2C%22part_color_3%22%3A%22%2369e9f2%22%2C%22extended_animation_pos_vertical%22%3A%2250%22%2C%22extended_animation_pos_horizont%22%3A%2250%22%2C%22sphere_width%22%3A%22100%22%2C%22particles_number%22%3A%2250%22%2C%22particles_size%22%3A%2210%22%2C%22particles_speed%22%3A%222%22%2C%22hover_anim%22%3A%22grab%22%2C%22image_bg%22%3A%221047%22%2C%22parallax_dir%22%3A%22vertical%22%2C%22parallax_factor%22%3A%220.3%22%2C%22particles_position_top%22%3A%22-44%22%2C%22particles_position_left%22%3A%22-44%22%2C%22particles_width%22%3A%22100%22%2C%22particles_height%22%3A%22100%22%7D%5D&#8221;][vc_column width=&#8221;5\/12&#8243;][wgl_double_headings title_color=&#8221;#252525&#8243; subtitle_color=&#8221;#ff7d00&#8243; title=&#8221;K\u0105 gausite i\u0161sinuomav\u0119 el. parduotuv\u0119?&#8221; responsive_font=&#8221;true&#8221; font_size_mobile=&#8221;31&#8243; font_size_tablet=&#8221;34&#8243;][wgl_spacing spacer_size=&#8221;17&#8243;][vc_column_text]99% paruo\u0161t\u0105 naudoti sistem\u0105. Tam, kad pasiektum\u0117me 100%, su Jumis susisieks m\u016bs\u0173 komanda, pad\u0117s i\u0161sirinkti \u012fmok\u0173 surinkimo platform\u0105 arba jei jau j\u0105 esate i\u0161sirink\u0119 &#8211; pajungti j\u0105 prie J\u016bs\u0173 naujos el. parduotuv\u0117s.[\/vc_column_text][wgl_spacing spacer_size=&#8221;40&#8243;][vc_row_inner][vc_column_inner width=&#8221;1\/2&#8243; offset=&#8221;vc_col-xs-6&#8243;][wgl_counter icon_type=&#8221;none&#8221; count_value_color=&#8221;#3224e9&#8243; count_title=&#8221;Skirting\u0173 moduli\u0173&#8221; count_value=&#8221;17&#8243; custom_count_value_color=&#8221;true&#8221;][\/vc_column_inner][vc_column_inner width=&#8221;1\/2&#8243; offset=&#8221;vc_col-xs-6&#8243;][wgl_counter icon_type=&#8221;none&#8221; count_value_color=&#8221;#3224e9&#8243; count_title=&#8221;Funkcij\u0173 J\u016bs\u0173 patogumui&#8221; count_value=&#8221;130&#8243; count_suffix=&#8221;+&#8221; custom_count_value_color=&#8221;true&#8221;][\/vc_column_inner][\/vc_row_inner][wgl_spacing spacer_size=&#8221;0&#8243; screen_tablet=&#8221;768&#8243; responsive_tablet=&#8221;true&#8221; size_tablet=&#8221;40&#8243;][\/vc_column][vc_column width=&#8221;7\/12&#8243;][wgl_circuit_services icon_color_type=&#8221;gradient&#8221; icon_color_from=&#8221;#3224e9&#8243; icon_color_to=&#8221;#5ad0ff&#8221; icon_hover_color_from=&#8221;#ffffff&#8221; icon_hover_color_to=&#8221;#ffffff&#8221; bg_color_type=&#8221;gradient&#8221; bg_color_from=&#8221;#ffffff&#8221; bg_color_to=&#8221;#ffffff&#8221; bg_hover_color_from=&#8221;#3224e9&#8243; bg_hover_color_to=&#8221;#5ad0ff&#8221; values=&#8221;%5B%7B%22icon_font_type%22%3A%22type_flaticon%22%2C%22icon_fontawesome%22%3A%22fab%20fa-accessible-icon%22%2C%22icon_flaticon%22%3A%22flaticon-world%22%2C%22title%22%3A%22Pardavin%C4%97kite%20visur%22%2C%22subtitle%22%3A%22lokalizacija%22%2C%22descr%22%3A%22Savo%20veikl%C4%85%20vykdyti%20galite%20visur%20-%20mes%20pasir%C5%ABpinome%2C%20kad%20kur%20beb%C5%ABt%C5%B3%20J%C5%ABs%C5%B3%20klientai%2C%20jie%20Jus%20rast%C5%B3!%20El.%20parduotuv%C4%97%20gali%20b%C5%ABti%20pasiekiama%20daugiau%2C%20nei%2028%20kalbomis*.%22%7D%2C%7B%22icon_font_type%22%3A%22type_flaticon%22%2C%22icon_fontawesome%22%3A%22fab%20fa-accessible-icon%22%2C%22icon_flaticon%22%3A%22flaticon-analytics%22%2C%22title%22%3A%22Optimizavimas%20paie%C5%A1kos%20sistemoms%22%2C%22subtitle%22%3A%22seo%22%2C%22descr%22%3A%22J%C5%ABs%C5%B3%20nauja%20el.%20parduotuv%C4%97%20bus%20paruo%C5%A1ta%20ir%20optimizuota%20paie%C5%A1kos%20sistemoms.%20Taip%20pat%20rasite%20Google%20%C4%AFranki%C5%B3%20paket%C4%85%20(Analytics%2C%20Search%20console%20ir%20t.t.)%22%7D%2C%7B%22icon_font_type%22%3A%22type_flaticon%22%2C%22icon_fontawesome%22%3A%22fab%20fa-accessible-icon%22%2C%22icon_flaticon%22%3A%22flaticon-rocket%22%2C%22title%22%3A%22Integracijos%20su%20soc.%20tinklais%22%2C%22subtitle%22%3A%22Marketingas%22%2C%22descr%22%3A%22Patogiai%20susiekite%20savo%20el.%20parduotuv%C4%99%20su%20Facebook%20ar%20Instagram%20ir%20prapl%C4%97skite%20pardavim%C5%B3%20kanalus!%20%22%7D%2C%7B%22icon_font_type%22%3A%22type_flaticon%22%2C%22icon_fontawesome%22%3A%22fab%20fa-accessible-icon%22%2C%22icon_flaticon%22%3A%22flaticon-gear-2%22%2C%22title%22%3A%22Patogus%20valdymas%22%2C%22subtitle%22%3A%22sistema%22%2C%22descr%22%3A%22Gal%C4%97site%20patogiai%20valdyti%20pristatymo%20ir%20apmok%C4%97jimo%20b%C5%ABdus%2C%20rinktis%20savo%20pageidaujamus%20%C5%A1i%C5%B3%20paslaug%C5%B3%20tiek%C4%97jus.%20(Visada%20gausite%20rekomendacijas%20i%C5%A1%20m%C5%ABs%C5%B3)%22%7D%2C%7B%22icon_font_type%22%3A%22type_flaticon%22%2C%22icon_fontawesome%22%3A%22fab%20fa-accessible-icon%22%2C%22icon_flaticon%22%3A%22flaticon-tv%22%2C%22title%22%3A%22Optimizuota%20visiems%20%C4%AFrenginiams%22%2C%22subtitle%22%3A%22dizainas%22%2C%22descr%22%3A%22J%C5%ABs%C5%B3%20puslapis%20gra%C5%BEiai%20atrodys%20ir%20kompiuterio%2C%20ir%20telefono%20ekrane!%20%22%7D%2C%7B%22icon_font_type%22%3A%22type_flaticon%22%2C%22icon_fontawesome%22%3A%22fab%20fa-accessible-icon%22%2C%22icon_flaticon%22%3A%22flaticon-price-1%22%2C%22title%22%3A%22Pardavim%C5%B3%20modulis%22%2C%22subtitle%22%3A%22Pardavimai%22%2C%22descr%22%3A%22Greitai%2C%20bei%20patogiai%20gal%C4%97site%20%C4%AFkelti%20produktus%2C%20administruoti%20u%C5%BEsakymus%2C%20kurti%20nuolaid%C5%B3%20kuponus%2C%20si%C5%B3sti%20siuntas%20ir%20formuoti%20siunt%C5%B3%20lipdukus%20tiesiai%20i%C5%A1%20sistemos!%20%22%7D%5D&#8221;][\/vc_column][\/vc_row][vc_row][vc_column][wgl_spacing spacer_size=&#8221;64&#8243;][\/vc_column][\/vc_row]\n<\/section>","protected":false},"excerpt":{"rendered":"<p>[vc_row][vc_column][wgl_spacing spacer_size=&#8221;13&#8243;][\/vc_column][\/vc_row][vc_row content_placement=&#8221;middle&#8221; z_index=&#8221;3&#8243;][vc_column width=&#8221;1\/2&#8243;][wgl_image_layers interval=&#8221;500&#8243; values=&#8221;%5B%7B%22thumbnail%22%3A%22897%22%2C%22image_animation%22%3A%22slide_left%22%2C%22image_order%22%3A%221%22%7D%2C%7B%22thumbnail%22%3A%22898%22%2C%22image_animation%22%3A%22slide_right%22%2C%22image_order%22%3A%223%22%7D%2C%7B%22thumbnail%22%3A%22899%22%2C%22image_animation%22%3A%22fade_in%22%2C%22image_order%22%3A%222%22%7D%2C%7B%22thumbnail%22%3A%22900%22%2C%22image_animation%22%3A%22fade_in%22%2C%22image_order%22%3A%224%22%7D%5D&#8221;][wgl_spacing spacer_size=&#8221;0&#8243; screen_tablet=&#8221;768&#8243; responsive_tablet=&#8221;true&#8221; size_tablet=&#8221;55&#8243;][\/vc_column][vc_column width=&#8221;1\/2&#8243; offset=&#8221;vc_col-lg-offset-1 vc_col-lg-5&#8243;][wgl_double_headings title_color=&#8221;#252525&#8243; subtitle_color=&#8221;#ff7d00&#8243; title=&#8221;Kokios funkcijos ir privalumai?&#8221; responsive_font=&#8221;true&#8221; font_size_mobile=&#8221;33&#8243;][wgl_spacing spacer_size=&#8221;19&#8243;][wgl_custom_text font_size=&#8221;18&#8243;]versify.digital leid\u017eia Jums tur\u0117ti profesionali\u0105 el. parduotuv\u0119 per 24 valandas! Pamir\u0161kite varginan\u010dias tiek\u0117j\u0173, dizaineri\u0173 ir programuotoj\u0173 paie\u0161kas. Visa ko Jums gali reik\u0117ti (ir dar daugiau) vienoje vietoje.[\/wgl_custom_text][wgl_spacing spacer_size=&#8221;30&#8243;][vc_tta_tabs active_section=&#8221;2&#8243;][vc_tta_section title=&#8221;Nauda&#8221; tab_id=&#8221;023-a259433c-8b57&#8243;][vc_column_text] Greitai [&hellip;]<\/p>\n","protected":false},"author":1,"featured_media":0,"parent":0,"menu_order":0,"comment_status":"closed","ping_status":"closed","template":"","meta":{"om_disable_all_campaigns":false,"_monsterinsights_skip_tracking":false,"_monsterinsights_sitenote_active":false,"_monsterinsights_sitenote_note":"","_monsterinsights_sitenote_category":0,"footnotes":""},"class_list":["post-892","page","type-page","status-publish","hentry"],"_links":{"self":[{"href":"https:\/\/versify.digital\/index.php\/wp-json\/wp\/v2\/pages\/892","targetHints":{"allow":["GET"]}}],"collection":[{"href":"https:\/\/versify.digital\/index.php\/wp-json\/wp\/v2\/pages"}],"about":[{"href":"https:\/\/versify.digital\/index.php\/wp-json\/wp\/v2\/types\/page"}],"author":[{"embeddable":true,"href":"https:\/\/versify.digital\/index.php\/wp-json\/wp\/v2\/users\/1"}],"replies":[{"embeddable":true,"href":"https:\/\/versify.digital\/index.php\/wp-json\/wp\/v2\/comments?post=892"}],"version-history":[{"count":9,"href":"https:\/\/versify.digital\/index.php\/wp-json\/wp\/v2\/pages\/892\/revisions"}],"predecessor-version":[{"id":2135,"href":"https:\/\/versify.digital\/index.php\/wp-json\/wp\/v2\/pages\/892\/revisions\/2135"}],"wp:attachment":[{"href":"https:\/\/versify.digital\/index.php\/wp-json\/wp\/v2\/media?parent=892"}],"curies":[{"name":"wp","href":"https:\/\/api.w.org\/{rel}","templated":true}]}}